{"id":5839,"date":"2021-01-08T13:24:48","date_gmt":"2021-01-08T12:24:48","guid":{"rendered":"https:\/\/madfintech.es\/subscription-plan\/"},"modified":"2021-01-08T16:38:24","modified_gmt":"2021-01-08T15:38:24","slug":"subscription-plan-en","status":"publish","type":"page","link":"https:\/\/madfintech.es\/en\/subscription-plan-en\/","title":{"rendered":"Subscription Plan"},"content":{"rendered":"<style>.ich_level_wrap{}\r\n\r\n.ihc-level-item-wrap { \r\nbackground-color: #012fa7;\r\n}<\/style><div class=\"ich_level_wrap ihc_level_template_5\"><div class=\"ihc-level-item\"><div class=\"ihc-level-item-wrap\"><div class=\"ihc-level-item-top\"><div class=\"ihc-level-item-title\">Startup<\/div><\/div><div class=\"ihc-level-item-price\">450 \u20ac<\/div><div class=\"ihc-level-item-content\"><p style=\"text-align: center;\">Aut\u00f3nomos, Micropymes,\r\nEmprendedores,\r\nDespachos y Startup<\/p><\/div><div class=\"ihc-level-item-bottom\"><div onClick=\"ihcBuyNewLevel('https:\/\/madfintech.es\/hazte-socio\/?lid=2');\" class=\"ihc-level-item-link \" style=\"cursor: pointer;\">Sign Up<\/div><div class=\"iump-clear\"><\/div><\/div><\/div><\/div><div class=\"ihc-level-item\"><div class=\"ihc-level-item-wrap\"><div class=\"ihc-level-item-top\"><div class=\"ihc-level-item-title\">Empresa<\/div><\/div><div class=\"ihc-level-item-price\">950<\/div><div class=\"ihc-level-item-content\"><p style=\"text-align: center;\"><span style=\"color: #647784; font-family: 'IBM Plex Sans', sans-serif; font-size: 15px; text-align: center;\">Mercantiles, Financieras, Tecnol\u00f3gicas,<\/span><br style=\"padding: 0px; margin: 0px; box-sizing: border-box; color: #647784; font-family: 'IBM Plex Sans', sans-serif; font-size: 15px; text-align: center;\" \/><span style=\"color: #647784; font-family: 'IBM Plex Sans', sans-serif; font-size: 15px; text-align: center;\">FinTech, InsurTech, LegalTech,<\/span><br style=\"padding: 0px; margin: 0px; box-sizing: border-box; color: #647784; font-family: 'IBM Plex Sans', sans-serif; font-size: 15px; text-align: center;\" \/><span style=\"color: #647784; font-family: 'IBM Plex Sans', sans-serif; font-size: 15px; text-align: center;\">PropTech, RegTech, etc.<\/span><\/p><\/div><div class=\"ihc-level-item-bottom\"><div onClick=\"ihcBuyNewLevel('https:\/\/madfintech.es\/hazte-socio\/?lid=3');\" class=\"ihc-level-item-link \" style=\"cursor: pointer;\">Sign Up<\/div><div class=\"iump-clear\"><\/div><\/div><\/div><\/div><div class=\"ihc-level-item\"><div class=\"ihc-level-item-wrap\"><div class=\"ihc-level-item-top\"><div class=\"ihc-level-item-title\">Corporaciones<\/div><\/div><div class=\"ihc-level-item-price\">Free<\/div><div class=\"ihc-level-item-content\">Regulators, Employers, Public and Private Institutions, Non-profit Organizations<\/div><div class=\"ihc-level-item-bottom\"><div onClick=\"ihcBuyNewLevel('https:\/\/madfintech.es\/hazte-socio\/?lid=4');\" class=\"ihc-level-item-link \" style=\"cursor: pointer;\">Sign Up<\/div><div class=\"iump-clear\"><\/div><\/div><\/div><\/div><div class=\"ihc-level-item\"><div class=\"ihc-level-item-wrap\"><div class=\"ihc-level-item-top\"><div class=\"ihc-level-item-title\">ONL<\/div><\/div><div class=\"ihc-level-item-price\">Gratis<\/div><div class=\"ihc-level-item-content\"><p style=\"text-align: center;\">Reguladores, Patronales, Instituciones P\u00fablicas y Privadas, Organizaciones sin \u00e1nimo de lucro.<\/p><\/div><div class=\"ihc-level-item-bottom\"><div onClick=\"ihcBuyNewLevel('https:\/\/madfintech.es\/hazte-socio\/?lid=1');\" class=\"ihc-level-item-link \" style=\"cursor: pointer;\">Sign Up<\/div><div class=\"iump-clear\"><\/div><\/div><\/div><\/div><div class=\"ihc-level-item\"><div class=\"ihc-level-item-wrap\"><div class=\"ihc-level-item-top\"><div class=\"ihc-level-item-title\">Socios Corporativos<\/div><\/div><div class=\"ihc-level-item-price\">Seg\u00fan convenio<\/div><div class=\"ihc-level-item-content\"><span style=\"color: #647784; font-family: 'IBM Plex Sans', sans-serif; font-size: 15px; text-align: center;\">Self-employed, Micro-SMEs, Entrepreneurs, Law Firms and Startups<\/span><\/div><div class=\"ihc-level-item-bottom\"><div onClick=\"ihcBuyNewLevel('https:\/\/madfintech.es\/hazte-socio\/?lid=5');\" class=\"ihc-level-item-link \" style=\"cursor: pointer;\">Sign Up<\/div><div class=\"iump-clear\"><\/div><\/div><\/div><\/div><\/div>\n","protected":false},"excerpt":{"rendered":"<p>Startup450 \u20acAut\u00f3nomos, Micropymes, Emprendedores, Despachos y StartupSign UpEmpresa950Mercantiles, Financieras, Tecnol\u00f3gicas,FinTech, InsurTech, LegalTech,PropTech, RegTech, etc.Sign UpCorporacionesFreeRegulators, Employers, Public and Private Institutions, Non-profit OrganizationsSign UpONLGratisReguladores, Patronales, Instituciones P\u00fablicas y Privadas, Organizaciones sin \u00e1nimo de lucro.Sign UpSocios CorporativosSeg\u00fan convenioSelf-employed, Micro-SMEs, Entrepreneurs, Law Firms and StartupsSign Up<\/p>\n","protected":false},"author":16,"featured_media":0,"parent":0,"menu_order":0,"comment_status":"closed","ping_status":"closed","template":"","meta":[],"_links":{"self":[{"href":"https:\/\/madfintech.es\/en\/wp-json\/wp\/v2\/pages\/5839"}],"collection":[{"href":"https:\/\/madfintech.es\/en\/wp-json\/wp\/v2\/pages"}],"about":[{"href":"https:\/\/madfintech.es\/en\/wp-json\/wp\/v2\/types\/page"}],"author":[{"embeddable":true,"href":"https:\/\/madfintech.es\/en\/wp-json\/wp\/v2\/users\/16"}],"replies":[{"embeddable":true,"href":"https:\/\/madfintech.es\/en\/wp-json\/wp\/v2\/comments?post=5839"}],"version-history":[{"count":0,"href":"https:\/\/madfintech.es\/en\/wp-json\/wp\/v2\/pages\/5839\/revisions"}],"wp:attachment":[{"href":"https:\/\/madfintech.es\/en\/wp-json\/wp\/v2\/media?parent=5839"}],"curies":[{"name":"wp","href":"https:\/\/api.w.org\/{rel}","templated":true}]}}